{"id":35154,"date":"2025-06-05T14:12:21","date_gmt":"2025-06-05T14:12:21","guid":{"rendered":"https:\/\/phuchungvina.com\/?post_type=product&#038;p=35154"},"modified":"2025-06-05T14:13:36","modified_gmt":"2025-06-05T14:13:36","slug":"94200296-pliers-insert__s4","status":"publish","type":"product","link":"https:\/\/phuchungvina.com\/index.php\/san-pham\/94200296-pliers-insert__s4\/","title":{"rendered":"94200296-Pliers-insert__S4"},"content":{"rendered":"","protected":false},"excerpt":{"rendered":"<p>Ph\u1ee5 t\u00f9ng thay th\u1ebf c\u1ee7a c\u00f4ng ty <em>PH\u00daC H\u01afNG<\/em> c\u00f3 th\u1ec3 \u0111\u01b0\u1ee3c l\u1eafp \u0111\u1eb7t thay th\u1ebf ho\u00e0n h\u1ea3o v\u1edbi c\u00e1c m\u00e1y \u0111\u00f3ng g\u00f3i c\u1ee7a c\u00e1c h\u00e3ng KHS, Krones, Sidel.<br \/>\nKHS, Krones, Sidel l\u00e0 c\u00e1c th\u01b0\u01a1ng hi\u1ec7u \u0111\u00e3 \u0111\u01b0\u1ee3c \u0111\u0103ng k\u00ed. C\u00f4ng ty Ph\u00fac H\u01b0ng kh\u00f4ng ph\u1ea3i l\u00e0 \u0111\u1ea1i l\u00fd \u1ee7y quy\u1ec1n hay \u0111\u01b0\u1ee3c ph\u00ea duy\u1ec7t c\u1ee7a KHS, Krones, Sidel.<br \/>\n<em>Ph\u1ee5 t\u00f9ng thay th\u1ebf kh\u00f4ng \u0111\u01b0\u1ee3c s\u1ea3n xu\u1ea5t b\u1edfi nh\u00e0 s\u1ea3n xu\u1ea5t g\u1ed1c c\u1ee7a KHS, Krones, Sidel m\u00e0 l\u00e0 \u0111\u01b0\u1ee3c s\u1ea3n xu\u1ea5t trong n\u01b0\u1edbc ho\u1eb7c n\u01b0\u1edbc ngo\u00e0i v\u00e0 c\u00f3 th\u1ec3 thay th\u1ebf cho c\u00e1c ph\u1ee5 t\u00f9ng c\u1ee7a OEM<\/em><\/p>\n","protected":false},"featured_media":35130,"comment_status":"open","ping_status":"closed","template":"","meta":[],"product_brand":[1162],"product_cat":[1109],"product_tag":[],"class_list":{"0":"post-35154","1":"product","2":"type-product","3":"status-publish","4":"has-post-thumbnail","6":"product_brand-khs","7":"product_cat-blower","9":"first","10":"instock","11":"shipping-taxable","12":"product-type-simple"},"jetpack_sharing_enabled":true,"_links":{"self":[{"href":"https:\/\/phuchungvina.com\/index.php\/wp-json\/wp\/v2\/product\/35154","targetHints":{"allow":["GET"]}}],"collection":[{"href":"https:\/\/phuchungvina.com\/index.php\/wp-json\/wp\/v2\/product"}],"about":[{"href":"https:\/\/phuchungvina.com\/index.php\/wp-json\/wp\/v2\/types\/product"}],"replies":[{"embeddable":true,"href":"https:\/\/phuchungvina.com\/index.php\/wp-json\/wp\/v2\/comments?post=35154"}],"version-history":[{"count":1,"href":"https:\/\/phuchungvina.com\/index.php\/wp-json\/wp\/v2\/product\/35154\/revisions"}],"predecessor-version":[{"id":35155,"href":"https:\/\/phuchungvina.com\/index.php\/wp-json\/wp\/v2\/product\/35154\/revisions\/35155"}],"wp:featuredmedia":[{"embeddable":true,"href":"https:\/\/phuchungvina.com\/index.php\/wp-json\/wp\/v2\/media\/35130"}],"wp:attachment":[{"href":"https:\/\/phuchungvina.com\/index.php\/wp-json\/wp\/v2\/media?parent=35154"}],"wp:term":[{"taxonomy":"product_brand","embeddable":true,"href":"https:\/\/phuchungvina.com\/index.php\/wp-json\/wp\/v2\/product_brand?post=35154"},{"taxonomy":"product_cat","embeddable":true,"href":"https:\/\/phuchungvina.com\/index.php\/wp-json\/wp\/v2\/product_cat?post=35154"},{"taxonomy":"product_tag","embeddable":true,"href":"https:\/\/phuchungvina.com\/index.php\/wp-json\/wp\/v2\/product_tag?post=35154"}],"curies":[{"name":"wp","href":"https:\/\/api.w.org\/{rel}","templated":true}]}}