{"id":35177,"date":"2025-06-05T14:45:59","date_gmt":"2025-06-05T14:45:59","guid":{"rendered":"https:\/\/phuchungvina.com\/?post_type=product&#038;p=35177"},"modified":"2025-10-04T04:14:15","modified_gmt":"2025-10-04T04:14:15","slug":"51128896s101-plate","status":"publish","type":"product","link":"https:\/\/phuchungvina.com\/index.php\/san-pham\/51128896s101-plate\/","title":{"rendered":"Plate_51128896S101"},"content":{"rendered":"<p style=\"text-align: left;\"><strong>Ph\u00fac H\u01b0ng<\/strong> l\u00e0 \u0111\u01a1n v\u1ecb chuy\u00ean <strong><em>gia c\u00f4ng, cung c\u1ea5p c\u00e1c thi\u1ebft b\u1ecb c\u00f4ng nghi\u1ec7p t\u01b0\u01a1ng \u0111\u01b0\u01a1ng v\u1edbi c\u00e1c nh\u00e0 s\u1ea3n xu\u1ea5t g\u1ed1c (OEM)<\/em> <\/strong>ph\u1ee5c v\u1ee5 cho c\u00e1c th\u01b0\u01a1ng hi\u1ec7u l\u1edbn nh\u01b0 <strong>KHS, Krones<\/strong>, <strong>Sidel,Tetra Pak, GEA. <\/strong>Ch\u00fang t\u00f4i cam k\u1ebft cung c\u1ea5p c\u00e1c s\u1ea3n ph\u1ea9m:<\/p>\n<ul>\n<li>Ch\u1ea5t l\u01b0\u1ee3ng cao, \u0111\u1ed9 ch\u00ednh x\u00e1c k\u1ef9 thu\u1eadt t\u1ed1i \u01b0u<\/li>\n<li>\u0110\u1ea7y \u0111\u1ee7 ch\u1ee9ng nh\u1eadn CO\/CQ<\/li>\n<li>Gi\u00e1 c\u1ea3 c\u1ea1nh tranh v\u00e0 th\u1eddi gian giao h\u00e0ng nhanh ch\u00f3ng<\/li>\n<\/ul>\n<p>Qu\u00fd kh\u00e1ch h\u00e0ng ch\u1ec9 c\u1ea7n cung c\u1ea5p m\u00e3 s\u1ed1 c\u1ee7a OEM ( <em>Part Number<\/em>) l\u00e0 ch\u00fang t\u00f4i c\u00f3 th\u1ec3 ki\u1ec3m tra v\u00e0 b\u00e1o gi\u00e1 nhanh ch\u00f3ng v\u00e0 c\u1ea1nh tranh (<strong><em>\u0111\u1ea3m b\u1ea3o ti\u1ebft ki\u1ec7m chi ph\u00ed t\u1eeb 20%-50% so v\u1edbi OEM).<\/em><\/strong><\/p>\n<p><img fetchpriority=\"high\" decoding=\"async\" class=\"alignnone size-medium wp-image-35015\" src=\"https:\/\/phuchungvina.com\/wp-content\/themes\/woodmart\/images\/lazy.svg\" data-src=\"https:\/\/phuchungvina.com\/wp-content\/uploads\/2025\/06\/9-300x300.png\" alt=\"\" width=\"300\" height=\"300\" srcset=\"\" data-srcset=\"https:\/\/phuchungvina.com\/wp-content\/uploads\/2025\/06\/9-300x300.png 300w, https:\/\/phuchungvina.com\/wp-content\/uploads\/2025\/06\/9-800x800.png 800w, https:\/\/phuchungvina.com\/wp-content\/uploads\/2025\/06\/9-150x150.png 150w, https:\/\/phuchungvina.com\/wp-content\/uploads\/2025\/06\/9-768x768.png 768w, https:\/\/phuchungvina.com\/wp-content\/uploads\/2025\/06\/9-430x430.png 430w, https:\/\/phuchungvina.com\/wp-content\/uploads\/2025\/06\/9-700x700.png 700w, https:\/\/phuchungvina.com\/wp-content\/uploads\/2025\/06\/9.png 1250w\" sizes=\"(max-width: 300px) 100vw, 300px\" \/> <img decoding=\"async\" class=\"alignnone size-medium wp-image-35014\" src=\"https:\/\/phuchungvina.com\/wp-content\/themes\/woodmart\/images\/lazy.svg\" data-src=\"https:\/\/phuchungvina.com\/wp-content\/uploads\/2025\/06\/8-300x300.png\" alt=\"\" width=\"300\" height=\"300\" srcset=\"\" data-srcset=\"https:\/\/phuchungvina.com\/wp-content\/uploads\/2025\/06\/8-300x300.png 300w, https:\/\/phuchungvina.com\/wp-content\/uploads\/2025\/06\/8-800x800.png 800w, https:\/\/phuchungvina.com\/wp-content\/uploads\/2025\/06\/8-150x150.png 150w, https:\/\/phuchungvina.com\/wp-content\/uploads\/2025\/06\/8-768x768.png 768w, https:\/\/phuchungvina.com\/wp-content\/uploads\/2025\/06\/8-430x430.png 430w, https:\/\/phuchungvina.com\/wp-content\/uploads\/2025\/06\/8-700x700.png 700w, https:\/\/phuchungvina.com\/wp-content\/uploads\/2025\/06\/8.png 1250w\" sizes=\"(max-width: 300px) 100vw, 300px\" \/> <img decoding=\"async\" class=\"alignnone size-medium wp-image-35013\" src=\"https:\/\/phuchungvina.com\/wp-content\/themes\/woodmart\/images\/lazy.svg\" data-src=\"https:\/\/phuchungvina.com\/wp-content\/uploads\/2025\/06\/7-300x300.png\" alt=\"\" width=\"300\" height=\"300\" srcset=\"\" data-srcset=\"https:\/\/phuchungvina.com\/wp-content\/uploads\/2025\/06\/7-300x300.png 300w, https:\/\/phuchungvina.com\/wp-content\/uploads\/2025\/06\/7-800x800.png 800w, https:\/\/phuchungvina.com\/wp-content\/uploads\/2025\/06\/7-150x150.png 150w, https:\/\/phuchungvina.com\/wp-content\/uploads\/2025\/06\/7-768x768.png 768w, https:\/\/phuchungvina.com\/wp-content\/uploads\/2025\/06\/7-430x430.png 430w, https:\/\/phuchungvina.com\/wp-content\/uploads\/2025\/06\/7-700x700.png 700w, https:\/\/phuchungvina.com\/wp-content\/uploads\/2025\/06\/7.png 1250w\" sizes=\"(max-width: 300px) 100vw, 300px\" \/> <img loading=\"lazy\" decoding=\"async\" class=\"alignnone size-medium wp-image-35012\" src=\"https:\/\/phuchungvina.com\/wp-content\/themes\/woodmart\/images\/lazy.svg\" data-src=\"https:\/\/phuchungvina.com\/wp-content\/uploads\/2025\/06\/6-300x300.png\" alt=\"\" width=\"300\" height=\"300\" srcset=\"\" data-srcset=\"https:\/\/phuchungvina.com\/wp-content\/uploads\/2025\/06\/6-300x300.png 300w, https:\/\/phuchungvina.com\/wp-content\/uploads\/2025\/06\/6-800x800.png 800w, https:\/\/phuchungvina.com\/wp-content\/uploads\/2025\/06\/6-150x150.png 150w, https:\/\/phuchungvina.com\/wp-content\/uploads\/2025\/06\/6-768x768.png 768w, https:\/\/phuchungvina.com\/wp-content\/uploads\/2025\/06\/6-430x430.png 430w, https:\/\/phuchungvina.com\/wp-content\/uploads\/2025\/06\/6-700x700.png 700w, https:\/\/phuchungvina.com\/wp-content\/uploads\/2025\/06\/6.png 1250w\" sizes=\"(max-width: 300px) 100vw, 300px\" \/><\/p>\n<h4><strong>Th\u00f4ng s\u1ed1 k\u1ef9 thu\u1eadt:<\/strong><\/h4>\n<table>\n<thead><\/thead>\n<tbody>\n<tr>\n<td colspan=\"1\" rowspan=\"1\">Product name<\/td>\n<td colspan=\"1\" rowspan=\"1\">Nh\u00edp gi\u1eef k\u1eb9p Inox chai PET<\/td>\n<\/tr>\n<tr>\n<td colspan=\"1\" rowspan=\"1\">Branch name<\/td>\n<td colspan=\"1\" rowspan=\"1\">Ph\u00fac H\u01b0ng<\/td>\n<\/tr>\n<tr>\n<td colspan=\"1\" rowspan=\"1\">OEM Code<\/td>\n<td colspan=\"1\" rowspan=\"1\">51128896S101<\/td>\n<\/tr>\n<tr>\n<td colspan=\"1\" rowspan=\"1\">Material<\/td>\n<td colspan=\"1\" rowspan=\"1\">Nh\u1ef1a<\/td>\n<\/tr>\n<tr>\n<td colspan=\"1\" rowspan=\"1\">Size<\/td>\n<td colspan=\"1\" rowspan=\"1\"><\/td>\n<\/tr>\n<tr>\n<td colspan=\"1\" rowspan=\"1\">Apply<\/td>\n<td colspan=\"1\" rowspan=\"1\">Filler KHS<\/td>\n<\/tr>\n<\/tbody>\n<\/table>\n","protected":false},"excerpt":{"rendered":"<p><strong>Ph\u00fac H\u01b0ng<\/strong> l\u00e0 \u0111\u01a1n v\u1ecb chuy\u00ean <strong><em>gia c\u00f4ng, cung c\u1ea5p c\u00e1c thi\u1ebft b\u1ecb ph\u1ee5 t\u00f9ng c\u00f4ng nghi\u1ec7p <\/em><\/strong>ph\u1ee5c v\u1ee5 cho c\u00e1c d\u00e2y chuy\u1ec1n s\u1ea3n xu\u1ea5t c\u1ee7a c\u00e1c th\u01b0\u01a1ng hi\u1ec7u l\u1edbn nh\u01b0 <strong>KHS, Krones<\/strong>, <strong>Sidel, Tetra P<\/strong><strong>ak, GEA,&#8230;<\/strong><\/p>\n","protected":false},"featured_media":35012,"comment_status":"open","ping_status":"closed","template":"","meta":[],"product_brand":[1162],"product_cat":[1116],"product_tag":[],"class_list":{"0":"post-35177","1":"product","2":"type-product","3":"status-publish","4":"has-post-thumbnail","6":"product_brand-khs","7":"product_cat-filler","9":"first","10":"instock","11":"shipping-taxable","12":"product-type-simple"},"jetpack_sharing_enabled":true,"_links":{"self":[{"href":"https:\/\/phuchungvina.com\/index.php\/wp-json\/wp\/v2\/product\/35177","targetHints":{"allow":["GET"]}}],"collection":[{"href":"https:\/\/phuchungvina.com\/index.php\/wp-json\/wp\/v2\/product"}],"about":[{"href":"https:\/\/phuchungvina.com\/index.php\/wp-json\/wp\/v2\/types\/product"}],"replies":[{"embeddable":true,"href":"https:\/\/phuchungvina.com\/index.php\/wp-json\/wp\/v2\/comments?post=35177"}],"version-history":[{"count":4,"href":"https:\/\/phuchungvina.com\/index.php\/wp-json\/wp\/v2\/product\/35177\/revisions"}],"predecessor-version":[{"id":35684,"href":"https:\/\/phuchungvina.com\/index.php\/wp-json\/wp\/v2\/product\/35177\/revisions\/35684"}],"wp:featuredmedia":[{"embeddable":true,"href":"https:\/\/phuchungvina.com\/index.php\/wp-json\/wp\/v2\/media\/35012"}],"wp:attachment":[{"href":"https:\/\/phuchungvina.com\/index.php\/wp-json\/wp\/v2\/media?parent=35177"}],"wp:term":[{"taxonomy":"product_brand","embeddable":true,"href":"https:\/\/phuchungvina.com\/index.php\/wp-json\/wp\/v2\/product_brand?post=35177"},{"taxonomy":"product_cat","embeddable":true,"href":"https:\/\/phuchungvina.com\/index.php\/wp-json\/wp\/v2\/product_cat?post=35177"},{"taxonomy":"product_tag","embeddable":true,"href":"https:\/\/phuchungvina.com\/index.php\/wp-json\/wp\/v2\/product_tag?post=35177"}],"curies":[{"name":"wp","href":"https:\/\/api.w.org\/{rel}","templated":true}]}}