{"id":35421,"date":"2025-06-18T14:24:45","date_gmt":"2025-06-18T14:24:45","guid":{"rendered":"https:\/\/phuchungvina.com\/?post_type=product&#038;p=35421"},"modified":"2025-10-04T03:00:03","modified_gmt":"2025-10-04T03:00:03","slug":"heat-exchanger","status":"publish","type":"product","link":"https:\/\/phuchungvina.com\/index.php\/san-pham\/heat-exchanger\/","title":{"rendered":"Heat exchanger\/Gasket"},"content":{"rendered":"<p style=\"text-align: left;\">\u00a0 \u00a0 \u00a0 \u00a0 \u00a0C\u00f4ng ty <strong>Ph\u00fac H\u01b0ng<\/strong> chuy\u00ean cung c\u1ea5p c\u00e1c lo\u1ea1i t\u1ea5m v\u00e0 gio\u0103ng trao \u0111\u1ed5i nhi\u1ec7t ch\u1ea5t l\u01b0\u1ee3ng cao t\u01b0\u01a1ng \u0111\u01b0\u01a1ng v\u1edbi c\u00e1c th\u01b0\u01a1ng hi\u1ec7u n\u1ed5i ti\u1ebfng qu\u1ed1c t\u1ebf nh\u01b0 <strong><em>Alfa Laval, GEA, APV, Sondex, Tranter, Vicarb, Hisaka, API, <\/em><\/strong>v\u00e0 nhi\u1ec1u h\u00e3ng kh\u00e1c. C\u00f4ng ty\u00a0 <strong>Ph\u00fac H\u01b0ng<\/strong> cam k\u1ebft mang \u0111\u1ebfn gi\u1ea3i ph\u00e1p trao \u0111\u1ed5i nhi\u1ec7t hi\u1ec7u qu\u1ea3, \u0111\u1ed9 b\u1ec1n cao v\u00e0 ti\u1ebft ki\u1ec7m chi ph\u00ed cho kh\u00e1ch h\u00e0ng. Ch\u00fang t\u00f4i t\u1ef1 h\u00e0o cung c\u1ea5p s\u1ea3n ph\u1ea9m v\u1edbi gi\u00e1 th\u00e0nh c\u1ea1nh tranh, d\u1ecbch v\u1ee5 h\u1eadu m\u00e3i chuy\u00ean nghi\u1ec7p, \u0111\u00e1p \u1ee9ng m\u1ecdi nhu c\u1ea7u trong c\u00e1c ng\u00e0nh c\u00f4ng nghi\u1ec7p nh\u01b0 th\u1ef1c ph\u1ea9m, h\u00f3a ch\u1ea5t, \u0111i\u1ec7n l\u1ea1nh v\u00e0 n\u0103ng l\u01b0\u1ee3ng.<\/p>\n<p><img decoding=\"async\" class=\"aligncenter\" src=\"https:\/\/sc04.alicdn.com\/kf\/H98f32747214241f68ab2eff0c17d14552\/232040804\/H98f32747214241f68ab2eff0c17d14552.jpg\" \/><\/p>\n<p style=\"text-align: left;\">M\u1ed9t s\u1ed1 lo\u1ea1i thi\u00eat b\u1ecb trao \u0111\u1ed5i nhi\u1ec7t ch\u00fang t\u00f4i cung c\u1ea5p:<\/p>\n<p style=\"text-align: center;\"><img fetchpriority=\"high\" decoding=\"async\" class=\"alignnone wp-image-35438\" src=\"https:\/\/phuchungvina.com\/wp-content\/themes\/woodmart\/images\/lazy.svg\" data-src=\"https:\/\/phuchungvina.com\/wp-content\/uploads\/2025\/06\/PHE-1-300x300.png\" alt=\"\" width=\"353\" height=\"353\" srcset=\"\" data-srcset=\"https:\/\/phuchungvina.com\/wp-content\/uploads\/2025\/06\/PHE-1-300x300.png 300w, https:\/\/phuchungvina.com\/wp-content\/uploads\/2025\/06\/PHE-1-800x800.png 800w, https:\/\/phuchungvina.com\/wp-content\/uploads\/2025\/06\/PHE-1-150x150.png 150w, https:\/\/phuchungvina.com\/wp-content\/uploads\/2025\/06\/PHE-1-768x768.png 768w, https:\/\/phuchungvina.com\/wp-content\/uploads\/2025\/06\/PHE-1-430x430.png 430w, https:\/\/phuchungvina.com\/wp-content\/uploads\/2025\/06\/PHE-1-700x700.png 700w, https:\/\/phuchungvina.com\/wp-content\/uploads\/2025\/06\/PHE-1.png 1125w\" sizes=\"(max-width: 353px) 100vw, 353px\" \/> <img decoding=\"async\" class=\"alignnone wp-image-35437\" src=\"https:\/\/phuchungvina.com\/wp-content\/themes\/woodmart\/images\/lazy.svg\" data-src=\"https:\/\/phuchungvina.com\/wp-content\/uploads\/2025\/06\/Brazed-plate-heat-exchanger-1-300x300.png\" alt=\"\" width=\"350\" height=\"350\" srcset=\"\" data-srcset=\"https:\/\/phuchungvina.com\/wp-content\/uploads\/2025\/06\/Brazed-plate-heat-exchanger-1-300x300.png 300w, https:\/\/phuchungvina.com\/wp-content\/uploads\/2025\/06\/Brazed-plate-heat-exchanger-1-800x800.png 800w, https:\/\/phuchungvina.com\/wp-content\/uploads\/2025\/06\/Brazed-plate-heat-exchanger-1-150x150.png 150w, https:\/\/phuchungvina.com\/wp-content\/uploads\/2025\/06\/Brazed-plate-heat-exchanger-1-768x768.png 768w, https:\/\/phuchungvina.com\/wp-content\/uploads\/2025\/06\/Brazed-plate-heat-exchanger-1-430x430.png 430w, https:\/\/phuchungvina.com\/wp-content\/uploads\/2025\/06\/Brazed-plate-heat-exchanger-1-700x700.png 700w, https:\/\/phuchungvina.com\/wp-content\/uploads\/2025\/06\/Brazed-plate-heat-exchanger-1.png 1125w\" sizes=\"(max-width: 350px) 100vw, 350px\" \/> <img decoding=\"async\" class=\"alignnone wp-image-35436\" src=\"https:\/\/phuchungvina.com\/wp-content\/themes\/woodmart\/images\/lazy.svg\" data-src=\"https:\/\/phuchungvina.com\/wp-content\/uploads\/2025\/06\/6-2-300x300.png\" alt=\"\" width=\"348\" height=\"348\" srcset=\"\" data-srcset=\"https:\/\/phuchungvina.com\/wp-content\/uploads\/2025\/06\/6-2-300x300.png 300w, https:\/\/phuchungvina.com\/wp-content\/uploads\/2025\/06\/6-2-800x800.png 800w, https:\/\/phuchungvina.com\/wp-content\/uploads\/2025\/06\/6-2-150x150.png 150w, https:\/\/phuchungvina.com\/wp-content\/uploads\/2025\/06\/6-2-768x768.png 768w, https:\/\/phuchungvina.com\/wp-content\/uploads\/2025\/06\/6-2-430x430.png 430w, https:\/\/phuchungvina.com\/wp-content\/uploads\/2025\/06\/6-2-700x700.png 700w, https:\/\/phuchungvina.com\/wp-content\/uploads\/2025\/06\/6-2.png 1125w\" sizes=\"(max-width: 348px) 100vw, 348px\" \/><\/p>\n<p>M\u1ed9t v\u00e0i lo\u1ea1i b\u1ed9 trao \u0111\u1ed5i nhi\u1ec7t c\u1ee7a c\u00e1c th\u01b0\u01a1ng hi\u1ec7u n\u1ed5i ti\u1ebfng ch\u00fang t\u00f4i c\u00f3 th\u1ec3 cung c\u1ea5p \u0111\u01b0\u1ee3c:<\/p>\n<p><img loading=\"lazy\" decoding=\"async\" class=\"wp-image-35430 aligncenter\" src=\"https:\/\/phuchungvina.com\/wp-content\/themes\/woodmart\/images\/lazy.svg\" data-src=\"https:\/\/phuchungvina.com\/wp-content\/uploads\/2025\/06\/14-2-300x300.png\" alt=\"\" width=\"623\" height=\"623\" srcset=\"\" data-srcset=\"https:\/\/phuchungvina.com\/wp-content\/uploads\/2025\/06\/14-2-300x300.png 300w, https:\/\/phuchungvina.com\/wp-content\/uploads\/2025\/06\/14-2-800x800.png 800w, https:\/\/phuchungvina.com\/wp-content\/uploads\/2025\/06\/14-2-150x150.png 150w, https:\/\/phuchungvina.com\/wp-content\/uploads\/2025\/06\/14-2-768x768.png 768w, https:\/\/phuchungvina.com\/wp-content\/uploads\/2025\/06\/14-2-430x430.png 430w, https:\/\/phuchungvina.com\/wp-content\/uploads\/2025\/06\/14-2-700x700.png 700w, https:\/\/phuchungvina.com\/wp-content\/uploads\/2025\/06\/14-2.png 1125w\" sizes=\"(max-width: 623px) 100vw, 623px\" \/><\/p>\n<p>C\u00e1c lo\u1ea1i v\u1eadt li\u1ec7u d\u00f9ng gia c\u00f4ng b\u1ed9 trao \u0111\u1ed5i nhi\u1ec7t:<\/p>\n<p><img loading=\"lazy\" decoding=\"async\" class=\"wp-image-35431 aligncenter\" src=\"https:\/\/phuchungvina.com\/wp-content\/themes\/woodmart\/images\/lazy.svg\" data-src=\"https:\/\/phuchungvina.com\/wp-content\/uploads\/2025\/06\/15-3-300x300.png\" alt=\"\" width=\"522\" height=\"522\" srcset=\"\" data-srcset=\"https:\/\/phuchungvina.com\/wp-content\/uploads\/2025\/06\/15-3-300x300.png 300w, https:\/\/phuchungvina.com\/wp-content\/uploads\/2025\/06\/15-3-800x800.png 800w, https:\/\/phuchungvina.com\/wp-content\/uploads\/2025\/06\/15-3-150x150.png 150w, https:\/\/phuchungvina.com\/wp-content\/uploads\/2025\/06\/15-3-768x768.png 768w, https:\/\/phuchungvina.com\/wp-content\/uploads\/2025\/06\/15-3-430x430.png 430w, https:\/\/phuchungvina.com\/wp-content\/uploads\/2025\/06\/15-3-700x700.png 700w, https:\/\/phuchungvina.com\/wp-content\/uploads\/2025\/06\/15-3.png 1125w\" sizes=\"(max-width: 522px) 100vw, 522px\" \/><\/p>\n","protected":false},"excerpt":{"rendered":"<p>\u00a0 \u00a0 \u00a0 \u00a0 \u00a0C\u00f4ng ty Ph\u00fac H\u01b0ng chuy\u00ean cung c\u1ea5p c\u00e1c lo\u1ea1i t\u1ea5m v\u00e0 gio\u0103ng trao \u0111\u1ed5i nhi\u1ec7t ch\u1ea5t<\/p>\n","protected":false},"featured_media":35426,"comment_status":"open","ping_status":"closed","template":"","meta":[],"product_brand":[1162,1161],"product_cat":[1167],"product_tag":[],"class_list":{"0":"post-35421","1":"product","2":"type-product","3":"status-publish","4":"has-post-thumbnail","6":"product_brand-khs","7":"product_brand-krones","8":"product_cat-heat-exchanger","10":"first","11":"instock","12":"shipping-taxable","13":"product-type-simple"},"jetpack_sharing_enabled":true,"_links":{"self":[{"href":"https:\/\/phuchungvina.com\/index.php\/wp-json\/wp\/v2\/product\/35421","targetHints":{"allow":["GET"]}}],"collection":[{"href":"https:\/\/phuchungvina.com\/index.php\/wp-json\/wp\/v2\/product"}],"about":[{"href":"https:\/\/phuchungvina.com\/index.php\/wp-json\/wp\/v2\/types\/product"}],"replies":[{"embeddable":true,"href":"https:\/\/phuchungvina.com\/index.php\/wp-json\/wp\/v2\/comments?post=35421"}],"version-history":[{"count":6,"href":"https:\/\/phuchungvina.com\/index.php\/wp-json\/wp\/v2\/product\/35421\/revisions"}],"predecessor-version":[{"id":35657,"href":"https:\/\/phuchungvina.com\/index.php\/wp-json\/wp\/v2\/product\/35421\/revisions\/35657"}],"wp:featuredmedia":[{"embeddable":true,"href":"https:\/\/phuchungvina.com\/index.php\/wp-json\/wp\/v2\/media\/35426"}],"wp:attachment":[{"href":"https:\/\/phuchungvina.com\/index.php\/wp-json\/wp\/v2\/media?parent=35421"}],"wp:term":[{"taxonomy":"product_brand","embeddable":true,"href":"https:\/\/phuchungvina.com\/index.php\/wp-json\/wp\/v2\/product_brand?post=35421"},{"taxonomy":"product_cat","embeddable":true,"href":"https:\/\/phuchungvina.com\/index.php\/wp-json\/wp\/v2\/product_cat?post=35421"},{"taxonomy":"product_tag","embeddable":true,"href":"https:\/\/phuchungvina.com\/index.php\/wp-json\/wp\/v2\/product_tag?post=35421"}],"curies":[{"name":"wp","href":"https:\/\/api.w.org\/{rel}","templated":true}]}}