{"id":35630,"date":"2025-10-02T03:32:39","date_gmt":"2025-10-02T03:32:39","guid":{"rendered":"https:\/\/phuchungvina.com\/?post_type=product&#038;p=35630"},"modified":"2025-10-02T03:40:48","modified_gmt":"2025-10-02T03:40:48","slug":"set-of-seals_-vsp152181_20551639","status":"publish","type":"product","link":"https:\/\/phuchungvina.com\/index.php\/san-pham\/set-of-seals_-vsp152181_20551639\/","title":{"rendered":"Set of seals_ VSP152181_20551639"},"content":{"rendered":"\t\t<div data-elementor-type=\"wp-post\" data-elementor-id=\"35630\" class=\"elementor elementor-35630\">\n\t\t\t\t<div class=\"wd-negative-gap elementor-element elementor-element-be72d8d e-flex e-con-boxed e-con e-parent\" data-id=\"be72d8d\" data-element_type=\"container\">\n\t\t\t\t\t<div class=\"e-con-inner\">\n\t\t\t\t<div class=\"elementor-element elementor-element-f842bc9 elementor-widget elementor-widget-wd_text_block\" data-id=\"f842bc9\" data-element_type=\"widget\" data-widget_type=\"wd_text_block.default\">\n\t\t\t\t<div class=\"elementor-widget-container\">\n\t\t\t\t\t\t\t<div class=\"wd-text-block reset-last-child text-left\">\n\t\t\t\n\t\t\t<p>Ph\u1ee5 t\u00f9ng thay th\u1ebf c\u1ee7a c\u00f4ng ty <strong><em>PH\u00daC H\u01afNG<\/em><\/strong> c\u00f3 th\u1ec3 \u0111\u01b0\u1ee3c l\u1eafp \u0111\u1eb7t thay th\u1ebf ho\u00e0n h\u1ea3o v\u1edbi c\u00e1c m\u00e1y \u0111\u00f3ng g\u00f3i c\u1ee7a c\u00e1c h\u00e3ng KHS, Krones, Sidel.<br \/>C\u00f4ng ty <strong>PH\u00daC H\u01afNG<\/strong> kh\u00f4ng ph\u1ea3i l\u00e0 \u0111\u1ea1i l\u00fd \u1ee7y quy\u1ec1n hay \u0111\u01b0\u1ee3c ph\u00ea duy\u1ec7t c\u1ee7a KHS, Krones, Sidel.<br \/><em>Ph\u1ee5 t\u00f9ng thay th\u1ebf kh\u00f4ng \u0111\u01b0\u1ee3c s\u1ea3n xu\u1ea5t b\u1edfi nh\u00e0 s\u1ea3n xu\u1ea5t g\u1ed1c c\u1ee7a KHS, Krones, Sidel m\u00e0 l\u00e0 \u0111\u01b0\u1ee3c s\u1ea3n xu\u1ea5t trong n\u01b0\u1edbc ho\u1eb7c n\u01b0\u1edbc ngo\u00e0i v\u00e0 c\u00f3 th\u1ec3 thay th\u1ebf cho c\u00e1c ph\u1ee5 t\u00f9ng c\u1ee7a OEM<\/em><\/p><p>\u00a0<\/p>\n\t\t\t\t\t<\/div>\n\t\t\t\t\t\t<\/div>\n\t\t\t\t<\/div>\n\t\t\t\t\t<\/div>\n\t\t\t\t<\/div>\n\t\t<div class=\"elementor-element elementor-element-8f87d3d e-con-full e-flex e-con e-parent\" data-id=\"8f87d3d\" data-element_type=\"container\">\n\t\t\t\t<div class=\"elementor-element elementor-element-b9394c0 elementor-widget elementor-widget-wd_table\" data-id=\"b9394c0\" data-element_type=\"widget\" data-widget_type=\"wd_table.default\">\n\t\t\t\t<div class=\"elementor-widget-container\">\n\t\t\t\t\t\t\t<div class=\"wd-el-table-wrap wd-reset-all-last\">\n\t\t\t<table class=\"wd-el-table\">\n\t\t\t\t\t\t\t\t\t<thead class=\"text-left\">\n\t\t\t\t\t\t\t\t\t\t\t\t\t\t\t\t\t\t\t\t\t\t\t\t\t\t\t\t\t\t<tr class=\"wd-table-row elementor-repeater-item-b3d3fb1\">\n\t\t\t\t\t\t\t\t\t\t\t\t\t\t\t\t\t\t\t\t\t\t\t\t\t\t\t<\/tr>\n\t\t\t\t\t<\/thead>\n\t\t\t\t\n\t\t\t\t<tbody class=\"text-left\">\n\t\t\t\t\t\t\t\t\t\t\t\t\t\t\t\t\t\t<td class=\"wd-table-cell elementor-repeater-item-fc9f8d1\" colspan=\"1\" rowspan=\"1\">\n\t\t\t\t\t\t\t<h4><span style=\"text-decoration: underline\"><strong>Th\u00f4ng s\u1ed1 k\u1ef9 thu\u1eadt:<\/strong><\/span><\/h4>\t\t\t\t\t\t\t<\/td>\n\t\t\t\t\t\t\t\t\t\t\t\t\t\t\t\t\t\t\t\t\t\t\t\t\t\t\t\t\t\t\t\t<\/tr>\n\t\t\t\t\t\t\t\t<tr class=\"wd-table-row elementor-repeater-item-d2b6c5f\">\n\t\t\t\t\t\t\t\t\t\t\t\t\t\t\t\t\t\t\t\t\t\t\t\t\t\t\t\t\t\t\t<td class=\"wd-table-cell elementor-repeater-item-7bb4c5d\" colspan=\"1\" rowspan=\"1\">\n\t\t\t\t\t\t\t<p>T\u00ean th\u01b0\u01a1ng hi\u1ec7u<\/p>\t\t\t\t\t\t\t<\/td>\n\t\t\t\t\t\t\t\t\t\t\t\t\t\t\t\t\t\t\t\t\t\t\t\t<td class=\"wd-table-cell elementor-repeater-item-8abb4ba\" colspan=\"1\" rowspan=\"1\">\n\t\t\t\t\t\t\t<p>Ph\u00fac H\u01b0ng<\/p>\t\t\t\t\t\t\t<\/td>\n\t\t\t\t\t\t\t\t\t\t\t\t\t\t\t\t\t\t\t\t\t\t\t\t\t\t\t\t\t\t\t\t<\/tr>\n\t\t\t\t\t\t\t\t<tr class=\"wd-table-row elementor-repeater-item-4567a29\">\n\t\t\t\t\t\t\t\t\t\t\t\t\t\t\t\t\t\t\t\t\t\t\t\t\t\t\t\t\t\t\t<td class=\"wd-table-cell elementor-repeater-item-58821c8\" colspan=\"1\" rowspan=\"1\">\n\t\t\t\t\t\t\t<p>T\u00ean s\u1ea3n ph\u1ea9m<\/p>\t\t\t\t\t\t\t<\/td>\n\t\t\t\t\t\t\t\t\t\t\t\t\t\t\t\t\t\t\t\t\t\t\t\t<td class=\"wd-table-cell elementor-repeater-item-ac971d6\" colspan=\"1\" rowspan=\"1\">\n\t\t\t\t\t\t\t<p>K\u1eb9p trung gian<\/p>\t\t\t\t\t\t\t<\/td>\n\t\t\t\t\t\t\t\t\t\t\t\t\t\t\t\t\t\t\t\t\t\t\t\t\t\t\t\t\t\t\t\t<\/tr>\n\t\t\t\t\t\t\t\t<tr class=\"wd-table-row elementor-repeater-item-1a469b0\">\n\t\t\t\t\t\t\t\t\t\t\t\t\t\t\t\t\t\t\t\t\t\t\t\t\t\t\t\t\t\t\t<td class=\"wd-table-cell elementor-repeater-item-bfa4a21\" colspan=\"1\" rowspan=\"1\">\n\t\t\t\t\t\t\t<p>K\u00edch th\u01b0\u1edbc<\/p>\t\t\t\t\t\t\t<\/td>\n\t\t\t\t\t\t\t\t\t\t\t\t\t\t\t\t\t\t\t\t\t\t\t\t<td class=\"wd-table-cell elementor-repeater-item-f3790b9\" colspan=\"1\" rowspan=\"1\">\n\t\t\t\t\t\t\t\t\t\t\t\t\t\t<\/td>\n\t\t\t\t\t\t\t\t\t\t\t\t\t\t\t\t\t\t\t\t\t\t\t\t\t\t\t\t\t\t\t\t<\/tr>\n\t\t\t\t\t\t\t\t<tr class=\"wd-table-row elementor-repeater-item-c967a70\">\n\t\t\t\t\t\t\t\t\t\t\t\t\t\t\t\t\t\t\t\t\t\t\t\t\t\t\t\t\t\t\t<td class=\"wd-table-cell elementor-repeater-item-98f6394\" colspan=\"1\" rowspan=\"1\">\n\t\t\t\t\t\t\t<p>V\u1eadt li\u1ec7u<\/p>\t\t\t\t\t\t\t<\/td>\n\t\t\t\t\t\t\t\t\t\t\t\t\t\t\t\t\t\t\t\t\t\t\t\t<td class=\"wd-table-cell elementor-repeater-item-869a79a\" colspan=\"1\" rowspan=\"1\">\n\t\t\t\t\t\t\t\t\t\t\t\t\t\t<\/td>\n\t\t\t\t\t\t\t\t\t\t\t\t\t\t\t\t\t\t\t\t\t\t\t\t\t\t\t\t\t\t\t\t<\/tr>\n\t\t\t\t\t\t\t\t<tr class=\"wd-table-row elementor-repeater-item-05e1f83\">\n\t\t\t\t\t\t\t\t\t\t\t\t\t\t\t\t\t\t\t\t\t\t\t\t\t\t\t\t\t\t\t<td class=\"wd-table-cell elementor-repeater-item-c2d7ce8\" colspan=\"1\" rowspan=\"1\">\n\t\t\t\t\t\t\t<p>Kh\u1ed1i l\u01b0\u1ee3ng<\/p>\t\t\t\t\t\t\t<\/td>\n\t\t\t\t\t\t\t\t\t\t\t\t\t\t\t\t\t\t\t\t\t\t\t\t<td class=\"wd-table-cell elementor-repeater-item-eda4125\" colspan=\"1\" rowspan=\"1\">\n\t\t\t\t\t\t\t\t\t\t\t\t\t\t<\/td>\n\t\t\t\t\t\t\t\t\t\t\t\t\t\t\t\t\t\t\t\t\t\t\t\t\t\t\t\t\t\t\t\t<\/tr>\n\t\t\t\t\t\t\t\t<tr class=\"wd-table-row elementor-repeater-item-1d061e5\">\n\t\t\t\t\t\t\t\t\t\t\t\t\t\t\t\t\t\t\t\t\t\t\t\t\t\t\t\t\t\t\t<td class=\"wd-table-cell elementor-repeater-item-c2acfc4\" colspan=\"1\" rowspan=\"1\">\n\t\t\t\t\t\t\t<p>\u1ee8ng d\u1ee5ng<\/p>\t\t\t\t\t\t\t<\/td>\n\t\t\t\t\t\t\t\t\t\t\t\t\t\t\t\t\t\t\t\t\t\t\t\t<td class=\"wd-table-cell elementor-repeater-item-cf07fe2\" colspan=\"1\" rowspan=\"1\">\n\t\t\t\t\t\t\t<p>Gi\u1eef ch\u1eb7t chai m\u00e1y chi\u1ebft r\u00f3t<\/p>\t\t\t\t\t\t\t<\/td>\n\t\t\t\t\t\t\t\t\t\t\t\t\t\t\t\t<\/tr>\n\t\t\t\t<\/tbody>\n\t\t\t<\/table>\n\t\t<\/div>\n\t\t\t\t\t\t<\/div>\n\t\t\t\t<\/div>\n\t\t\t\t<\/div>\n\t\t\t\t<\/div>\n\t\t","protected":false},"excerpt":{"rendered":"<p><strong>Ph\u00fac H\u01b0ng<\/strong> l\u00e0 \u0111\u01a1n v\u1ecb chuy\u00ean <strong><em>gia c\u00f4ng, cung c\u1ea5p c\u00e1c thi\u1ebft b\u1ecb c\u00f4ng nghi\u1ec7p t\u01b0\u01a1ng \u0111\u01b0\u01a1ng v\u1edbi c\u00e1c nh\u00e0 s\u1ea3n xu\u1ea5t g\u1ed1c (OEM)<\/em> <\/strong>ph\u1ee5c v\u1ee5 cho c\u00e1c th\u01b0\u01a1ng hi\u1ec7u l\u1edbn nh\u01b0 <strong>KHS, Krones<\/strong>, <strong>Sidel.<\/strong><\/p>\n","protected":false},"featured_media":35595,"comment_status":"open","ping_status":"closed","template":"","meta":[],"product_brand":[1162],"product_cat":[1109],"product_tag":[],"class_list":{"0":"post-35630","1":"product","2":"type-product","3":"status-publish","4":"has-post-thumbnail","6":"product_brand-khs","7":"product_cat-blower","9":"first","10":"instock","11":"shipping-taxable","12":"product-type-simple"},"jetpack_sharing_enabled":true,"_links":{"self":[{"href":"https:\/\/phuchungvina.com\/index.php\/wp-json\/wp\/v2\/product\/35630","targetHints":{"allow":["GET"]}}],"collection":[{"href":"https:\/\/phuchungvina.com\/index.php\/wp-json\/wp\/v2\/product"}],"about":[{"href":"https:\/\/phuchungvina.com\/index.php\/wp-json\/wp\/v2\/types\/product"}],"replies":[{"embeddable":true,"href":"https:\/\/phuchungvina.com\/index.php\/wp-json\/wp\/v2\/comments?post=35630"}],"version-history":[{"count":2,"href":"https:\/\/phuchungvina.com\/index.php\/wp-json\/wp\/v2\/product\/35630\/revisions"}],"predecessor-version":[{"id":35636,"href":"https:\/\/phuchungvina.com\/index.php\/wp-json\/wp\/v2\/product\/35630\/revisions\/35636"}],"wp:featuredmedia":[{"embeddable":true,"href":"https:\/\/phuchungvina.com\/index.php\/wp-json\/wp\/v2\/media\/35595"}],"wp:attachment":[{"href":"https:\/\/phuchungvina.com\/index.php\/wp-json\/wp\/v2\/media?parent=35630"}],"wp:term":[{"taxonomy":"product_brand","embeddable":true,"href":"https:\/\/phuchungvina.com\/index.php\/wp-json\/wp\/v2\/product_brand?post=35630"},{"taxonomy":"product_cat","embeddable":true,"href":"https:\/\/phuchungvina.com\/index.php\/wp-json\/wp\/v2\/product_cat?post=35630"},{"taxonomy":"product_tag","embeddable":true,"href":"https:\/\/phuchungvina.com\/index.php\/wp-json\/wp\/v2\/product_tag?post=35630"}],"curies":[{"name":"wp","href":"https:\/\/api.w.org\/{rel}","templated":true}]}}